{"id":1422,"date":"2022-06-18T15:19:36","date_gmt":"2022-06-18T20:19:36","guid":{"rendered":"https:\/\/naturana.co\/?page_id=1422"},"modified":"2022-06-18T16:43:56","modified_gmt":"2022-06-18T21:43:56","slug":"landing-page-naturana","status":"publish","type":"page","link":"https:\/\/naturana.shop\/en\/","title":{"rendered":"Landing Page Naturana"},"content":{"rendered":"<div data-elementor-type=\"wp-page\" data-elementor-id=\"1422\" class=\"elementor elementor-1422\">\n\t\t\t\t\t\t<section class=\"elementor-section elementor-top-section elementor-element elementor-element-7344d31 elementor-section-boxed elementor-section-height-default elementor-section-height-default\" data-id=\"7344d31\" data-element_type=\"section\">\n\t\t\t\t\t\t<div class=\"elementor-container elementor-column-gap-default\">\n\t\t\t\t\t<div class=\"elementor-column elementor-col-100 elementor-top-column elementor-element elementor-element-11e0051\" data-id=\"11e0051\" data-element_type=\"column\">\n\t\t\t<div class=\"elementor-widget-wrap elementor-element-populated\">\n\t\t\t\t\t\t<div class=\"elementor-element elementor-element-59a87e7 elementor-widget elementor-widget-image\" data-id=\"59a87e7\" data-element_type=\"widget\" data-widget_type=\"image.default\">\n\t\t\t\t<div class=\"elementor-widget-container\">\n\t\t\t\t\t\t\t\t\t\t\t\t\t\t\t\t<a href=\"https:\/\/comprahechoenmedellin.com\/vendedor\/productos-naturana\/\">\n\t\t\t\t\t\t\t<img fetchpriority=\"high\" decoding=\"async\" width=\"812\" height=\"433\" src=\"https:\/\/naturana.shop\/wp-content\/uploads\/2022\/06\/BANNERS-TIENDA-NATURANA-1-1024x546.jpg\" class=\"attachment-large size-large wp-image-1424\" alt=\"\" srcset=\"https:\/\/naturana.shop\/wp-content\/uploads\/2022\/06\/BANNERS-TIENDA-NATURANA-1-1024x546.jpg 1024w, https:\/\/naturana.shop\/wp-content\/uploads\/2022\/06\/BANNERS-TIENDA-NATURANA-1-300x160.jpg 300w, https:\/\/naturana.shop\/wp-content\/uploads\/2022\/06\/BANNERS-TIENDA-NATURANA-1-768x410.jpg 768w, https:\/\/naturana.shop\/wp-content\/uploads\/2022\/06\/BANNERS-TIENDA-NATURANA-1-18x10.jpg 18w, https:\/\/naturana.shop\/wp-content\/uploads\/2022\/06\/BANNERS-TIENDA-NATURANA-1-600x320.jpg 600w, https:\/\/naturana.shop\/wp-content\/uploads\/2022\/06\/BANNERS-TIENDA-NATURANA-1.jpg 1200w\" sizes=\"(max-width: 812px) 100vw, 812px\" \/>\t\t\t\t\t\t\t\t<\/a>\n\t\t\t\t\t\t\t\t\t\t\t\t\t\t\t<\/div>\n\t\t\t\t<\/div>\n\t\t\t\t\t<\/div>\n\t\t<\/div>\n\t\t\t\t\t<\/div>\n\t\t<\/section>\n\t\t\t\t<section class=\"elementor-section elementor-top-section elementor-element elementor-element-938c3d5 elementor-section-boxed elementor-section-height-default elementor-section-height-default\" data-id=\"938c3d5\" data-element_type=\"section\">\n\t\t\t\t\t\t<div class=\"elementor-container elementor-column-gap-default\">\n\t\t\t\t\t<div class=\"elementor-column elementor-col-100 elementor-top-column elementor-element elementor-element-15d3a62\" data-id=\"15d3a62\" data-element_type=\"column\">\n\t\t\t<div class=\"elementor-widget-wrap elementor-element-populated\">\n\t\t\t\t\t\t<div class=\"elementor-element elementor-element-63dfcdc elementor-align-center elementor-widget elementor-widget-button\" data-id=\"63dfcdc\" data-element_type=\"widget\" data-widget_type=\"button.default\">\n\t\t\t\t<div class=\"elementor-widget-container\">\n\t\t\t\t\t\t\t\t\t<div class=\"elementor-button-wrapper\">\n\t\t\t\t\t<a class=\"elementor-button elementor-button-link elementor-size-sm\" href=\"https:\/\/comprahechoenmedellin.com\/vendedor\/productos-naturana\/\" rel=\"nofollow\">\n\t\t\t\t\t\t<span class=\"elementor-button-content-wrapper\">\n\t\t\t\t\t\t<span class=\"elementor-button-icon\">\n\t\t\t\t<i aria-hidden=\"true\" class=\"fas fa-shopping-cart\"><\/i>\t\t\t<\/span>\n\t\t\t\t\t\t\t\t\t<span class=\"elementor-button-text\">Tienda online<\/span>\n\t\t\t\t\t<\/span>\n\t\t\t\t\t<\/a>\n\t\t\t\t<\/div>\n\t\t\t\t\t\t\t\t<\/div>\n\t\t\t\t<\/div>\n\t\t\t\t\t<\/div>\n\t\t<\/div>\n\t\t\t\t\t<\/div>\n\t\t<\/section>\n\t\t\t\t<section class=\"elementor-section elementor-top-section elementor-element elementor-element-aabd82a elementor-section-boxed elementor-section-height-default elementor-section-height-default\" data-id=\"aabd82a\" data-element_type=\"section\">\n\t\t\t\t\t\t<div class=\"elementor-container elementor-column-gap-default\">\n\t\t\t\t\t<div class=\"elementor-column elementor-col-50 elementor-top-column elementor-element elementor-element-8b11d0e\" data-id=\"8b11d0e\" data-element_type=\"column\">\n\t\t\t<div class=\"elementor-widget-wrap elementor-element-populated\">\n\t\t\t\t\t\t<div class=\"elementor-element elementor-element-59059cb elementor-widget elementor-widget-image\" data-id=\"59059cb\" data-element_type=\"widget\" data-widget_type=\"image.default\">\n\t\t\t\t<div class=\"elementor-widget-container\">\n\t\t\t\t\t\t\t\t\t\t\t\t\t\t\t\t<a href=\"https:\/\/wa.link\/99j4tt\">\n\t\t\t\t\t\t\t<img decoding=\"async\" width=\"730\" height=\"800\" src=\"https:\/\/naturana.shop\/wp-content\/uploads\/2022\/06\/BANNERS-TIENDA-NATURANA-2.jpg\" class=\"attachment-large size-large wp-image-1431\" alt=\"\" srcset=\"https:\/\/naturana.shop\/wp-content\/uploads\/2022\/06\/BANNERS-TIENDA-NATURANA-2.jpg 730w, https:\/\/naturana.shop\/wp-content\/uploads\/2022\/06\/BANNERS-TIENDA-NATURANA-2-274x300.jpg 274w, https:\/\/naturana.shop\/wp-content\/uploads\/2022\/06\/BANNERS-TIENDA-NATURANA-2-11x12.jpg 11w, https:\/\/naturana.shop\/wp-content\/uploads\/2022\/06\/BANNERS-TIENDA-NATURANA-2-600x658.jpg 600w\" sizes=\"(max-width: 730px) 100vw, 730px\" \/>\t\t\t\t\t\t\t\t<\/a>\n\t\t\t\t\t\t\t\t\t\t\t\t\t\t\t<\/div>\n\t\t\t\t<\/div>\n\t\t\t\t<div class=\"elementor-element elementor-element-6045e92 elementor-align-center elementor-widget elementor-widget-button\" data-id=\"6045e92\" data-element_type=\"widget\" data-widget_type=\"button.default\">\n\t\t\t\t<div class=\"elementor-widget-container\">\n\t\t\t\t\t\t\t\t\t<div class=\"elementor-button-wrapper\">\n\t\t\t\t\t<a class=\"elementor-button elementor-button-link elementor-size-sm\" href=\"https:\/\/wa.link\/99j4tt\">\n\t\t\t\t\t\t<span class=\"elementor-button-content-wrapper\">\n\t\t\t\t\t\t<span class=\"elementor-button-icon\">\n\t\t\t\t<i aria-hidden=\"true\" class=\"fab fa-whatsapp\"><\/i>\t\t\t<\/span>\n\t\t\t\t\t\t\t\t\t<span class=\"elementor-button-text\">311 369 7489<\/span>\n\t\t\t\t\t<\/span>\n\t\t\t\t\t<\/a>\n\t\t\t\t<\/div>\n\t\t\t\t\t\t\t\t<\/div>\n\t\t\t\t<\/div>\n\t\t\t\t\t<\/div>\n\t\t<\/div>\n\t\t\t\t<div class=\"elementor-column elementor-col-50 elementor-top-column elementor-element elementor-element-10c3de6\" data-id=\"10c3de6\" data-element_type=\"column\">\n\t\t\t<div class=\"elementor-widget-wrap elementor-element-populated\">\n\t\t\t\t\t\t<div class=\"elementor-element elementor-element-7955f0c elementor-widget elementor-widget-image\" data-id=\"7955f0c\" data-element_type=\"widget\" data-widget_type=\"image.default\">\n\t\t\t\t<div class=\"elementor-widget-container\">\n\t\t\t\t\t\t\t\t\t\t\t\t\t\t\t\t<a href=\"https:\/\/www.instagram.com\/productosnaturana\/\">\n\t\t\t\t\t\t\t<img decoding=\"async\" width=\"730\" height=\"800\" src=\"https:\/\/naturana.shop\/wp-content\/uploads\/2022\/06\/BANNERS-TIENDA-NATURANA-3.jpg\" class=\"attachment-large size-large wp-image-1432\" alt=\"\" srcset=\"https:\/\/naturana.shop\/wp-content\/uploads\/2022\/06\/BANNERS-TIENDA-NATURANA-3.jpg 730w, https:\/\/naturana.shop\/wp-content\/uploads\/2022\/06\/BANNERS-TIENDA-NATURANA-3-274x300.jpg 274w, https:\/\/naturana.shop\/wp-content\/uploads\/2022\/06\/BANNERS-TIENDA-NATURANA-3-11x12.jpg 11w, https:\/\/naturana.shop\/wp-content\/uploads\/2022\/06\/BANNERS-TIENDA-NATURANA-3-600x658.jpg 600w\" sizes=\"(max-width: 730px) 100vw, 730px\" \/>\t\t\t\t\t\t\t\t<\/a>\n\t\t\t\t\t\t\t\t\t\t\t\t\t\t\t<\/div>\n\t\t\t\t<\/div>\n\t\t\t\t<div class=\"elementor-element elementor-element-15a6276 elementor-align-center elementor-widget elementor-widget-button\" data-id=\"15a6276\" data-element_type=\"widget\" data-widget_type=\"button.default\">\n\t\t\t\t<div class=\"elementor-widget-container\">\n\t\t\t\t\t\t\t\t\t<div class=\"elementor-button-wrapper\">\n\t\t\t\t\t<a class=\"elementor-button elementor-button-link elementor-size-sm\" href=\"https:\/\/www.instagram.com\/productosnaturana\/\">\n\t\t\t\t\t\t<span class=\"elementor-button-content-wrapper\">\n\t\t\t\t\t\t\t\t\t<span class=\"elementor-button-text\">@productosnaturana<\/span>\n\t\t\t\t\t<\/span>\n\t\t\t\t\t<\/a>\n\t\t\t\t<\/div>\n\t\t\t\t\t\t\t\t<\/div>\n\t\t\t\t<\/div>\n\t\t\t\t\t<\/div>\n\t\t<\/div>\n\t\t\t\t\t<\/div>\n\t\t<\/section>\n\t\t\t\t<section class=\"elementor-section elementor-top-section elementor-element elementor-element-c079b8c elementor-section-boxed elementor-section-height-default elementor-section-height-default\" data-id=\"c079b8c\" data-element_type=\"section\">\n\t\t\t\t\t\t<div class=\"elementor-container elementor-column-gap-default\">\n\t\t\t\t\t<div class=\"elementor-column elementor-col-100 elementor-top-column elementor-element elementor-element-c4cb39e\" data-id=\"c4cb39e\" data-element_type=\"column\">\n\t\t\t<div class=\"elementor-widget-wrap elementor-element-populated\">\n\t\t\t\t\t\t<div class=\"elementor-element elementor-element-2326670 elementor-widget-divider--view-line elementor-widget elementor-widget-divider\" data-id=\"2326670\" data-element_type=\"widget\" data-widget_type=\"divider.default\">\n\t\t\t\t<div class=\"elementor-widget-container\">\n\t\t\t\t\t\t\t<div class=\"elementor-divider\">\n\t\t\t<span class=\"elementor-divider-separator\">\n\t\t\t\t\t\t<\/span>\n\t\t<\/div>\n\t\t\t\t\t\t<\/div>\n\t\t\t\t<\/div>\n\t\t\t\t<div class=\"elementor-element elementor-element-0ff6341 elementor-widget elementor-widget-image\" data-id=\"0ff6341\" data-element_type=\"widget\" data-widget_type=\"image.default\">\n\t\t\t\t<div class=\"elementor-widget-container\">\n\t\t\t\t\t\t\t\t\t\t\t\t\t\t\t\t<a href=\"https:\/\/www.google.com\/maps\/place\/Productos+Naturana\/@6.2360073,-75.5926303,17z\/data=!3m1!4b1!4m5!3m4!1s0x8e44290fd5d4bcaf:0x4ab8a0c79c641ecf!8m2!3d6.2360073!4d-75.5904416\">\n\t\t\t\t\t\t\t<img loading=\"lazy\" decoding=\"async\" width=\"812\" height=\"433\" src=\"https:\/\/naturana.shop\/wp-content\/uploads\/2022\/06\/BANNERS-TIENDA-NATURANA-4-1024x546.jpg\" class=\"attachment-large size-large wp-image-1462\" alt=\"\" srcset=\"https:\/\/naturana.shop\/wp-content\/uploads\/2022\/06\/BANNERS-TIENDA-NATURANA-4-1024x546.jpg 1024w, https:\/\/naturana.shop\/wp-content\/uploads\/2022\/06\/BANNERS-TIENDA-NATURANA-4-300x160.jpg 300w, https:\/\/naturana.shop\/wp-content\/uploads\/2022\/06\/BANNERS-TIENDA-NATURANA-4-768x410.jpg 768w, https:\/\/naturana.shop\/wp-content\/uploads\/2022\/06\/BANNERS-TIENDA-NATURANA-4-18x10.jpg 18w, https:\/\/naturana.shop\/wp-content\/uploads\/2022\/06\/BANNERS-TIENDA-NATURANA-4-600x320.jpg 600w, https:\/\/naturana.shop\/wp-content\/uploads\/2022\/06\/BANNERS-TIENDA-NATURANA-4.jpg 1500w\" sizes=\"(max-width: 812px) 100vw, 812px\" \/>\t\t\t\t\t\t\t\t<\/a>\n\t\t\t\t\t\t\t\t\t\t\t\t\t\t\t<\/div>\n\t\t\t\t<\/div>\n\t\t\t\t<div class=\"elementor-element elementor-element-5b241cd elementor-align-center elementor-widget elementor-widget-button\" data-id=\"5b241cd\" data-element_type=\"widget\" data-widget_type=\"button.default\">\n\t\t\t\t<div class=\"elementor-widget-container\">\n\t\t\t\t\t\t\t\t\t<div class=\"elementor-button-wrapper\">\n\t\t\t\t\t<a class=\"elementor-button elementor-button-link elementor-size-sm\" href=\"https:\/\/www.google.com\/maps\/place\/Productos+Naturana\/@6.2360073,-75.5926303,17z\/data=!3m1!4b1!4m5!3m4!1s0x8e44290fd5d4bcaf:0x4ab8a0c79c641ecf!8m2!3d6.2360073!4d-75.5904416\">\n\t\t\t\t\t\t<span class=\"elementor-button-content-wrapper\">\n\t\t\t\t\t\t\t\t\t<span class=\"elementor-button-text\">Google Maps Naturana<\/span>\n\t\t\t\t\t<\/span>\n\t\t\t\t\t<\/a>\n\t\t\t\t<\/div>\n\t\t\t\t\t\t\t\t<\/div>\n\t\t\t\t<\/div>\n\t\t\t\t\t<\/div>\n\t\t<\/div>\n\t\t\t\t\t<\/div>\n\t\t<\/section>\n\t\t\t\t<section class=\"elementor-section elementor-top-section elementor-element elementor-element-3024883 elementor-section-boxed elementor-section-height-default elementor-section-height-default\" data-id=\"3024883\" data-element_type=\"section\">\n\t\t\t\t\t\t<div class=\"elementor-container elementor-column-gap-default\">\n\t\t\t\t\t<div class=\"elementor-column elementor-col-100 elementor-top-column elementor-element elementor-element-6767d62\" data-id=\"6767d62\" data-element_type=\"column\">\n\t\t\t<div class=\"elementor-widget-wrap elementor-element-populated\">\n\t\t\t\t\t\t<div class=\"elementor-element elementor-element-d49ab25 elementor-widget elementor-widget-spacer\" data-id=\"d49ab25\" data-element_type=\"widget\" data-widget_type=\"spacer.default\">\n\t\t\t\t<div class=\"elementor-widget-container\">\n\t\t\t\t\t\t\t<div class=\"elementor-spacer\">\n\t\t\t<div class=\"elementor-spacer-inner\"><\/div>\n\t\t<\/div>\n\t\t\t\t\t\t<\/div>\n\t\t\t\t<\/div>\n\t\t\t\t<div class=\"elementor-element elementor-element-8cd3575 elementor-widget elementor-widget-text-editor\" data-id=\"8cd3575\" data-element_type=\"widget\" data-widget_type=\"text-editor.default\">\n\t\t\t\t<div class=\"elementor-widget-container\">\n\t\t\t\t\t\t\t\t\t<p><strong>SOBRE PRODUCTOS NATURANA<\/strong><\/p><p>Somos productores de jabones l\u00edquidos artesanales formulados y hechos sin conservantes sint\u00e9ticos. Usamos extractos vegetales que act\u00faan como conservantes naturales antibacterianos, para los hongos y como quitagrasas. Son Jabones exclusivos y as\u00ed, nuestros clientes eligen sus fragancias favoritas. Producimos extractos vegetales con el objetivo de fortalecer la calidad y compromiso ambiental de nuestra empresa.<\/p>\t\t\t\t\t\t\t\t<\/div>\n\t\t\t\t<\/div>\n\t\t\t\t\t<\/div>\n\t\t<\/div>\n\t\t\t\t\t<\/div>\n\t\t<\/section>\n\t\t\t\t<\/div>","protected":false},"excerpt":{"rendered":"<p>Tienda online 311 369 7489 @productosnaturana Google Maps Naturana SOBRE PRODUCTOS NATURANA Somos productores de jabones l\u00edquidos artesanales formulados y hechos sin conservantes sint\u00e9ticos. Usamos extractos vegetales que act\u00faan como conservantes naturales antibacterianos, para los hongos y como quitagrasas. Son Jabones exclusivos y as\u00ed, nuestros clientes eligen sus fragancias favoritas. Producimos extractos vegetales con el [&hellip;]<\/p>\n","protected":false},"author":1,"featured_media":0,"parent":0,"menu_order":0,"comment_status":"closed","ping_status":"closed","template":"","meta":{"footnotes":"","_joinchat":[]},"yoast_head":"<!-- This site is optimized with the Yoast SEO plugin v23.5 - https:\/\/yoast.com\/wordpress\/plugins\/seo\/ -->\n<title>Landing Page Naturana - Naturana<\/title>\n<meta name=\"robots\" content=\"index, follow, max-snippet:-1, max-image-preview:large, max-video-preview:-1\" \/>\n<link rel=\"canonical\" href=\"https:\/\/naturana.shop\/en\/\" \/>\n<meta property=\"og:locale\" content=\"en_US\" \/>\n<meta property=\"og:type\" content=\"article\" \/>\n<meta property=\"og:title\" content=\"Landing Page Naturana - Naturana\" \/>\n<meta property=\"og:description\" content=\"Tienda online 311 369 7489 @productosnaturana Google Maps Naturana SOBRE PRODUCTOS NATURANA Somos productores de jabones l\u00edquidos artesanales formulados y hechos sin conservantes sint\u00e9ticos. Usamos extractos vegetales que act\u00faan como conservantes naturales antibacterianos, para los hongos y como quitagrasas. Son Jabones exclusivos y as\u00ed, nuestros clientes eligen sus fragancias favoritas. Producimos extractos vegetales con el [&hellip;]\" \/>\n<meta property=\"og:url\" content=\"https:\/\/naturana.shop\/en\/\" \/>\n<meta property=\"og:site_name\" content=\"Naturana\" \/>\n<meta property=\"article:modified_time\" content=\"2022-06-18T21:43:56+00:00\" \/>\n<meta property=\"og:image\" content=\"https:\/\/naturana.shop\/wp-content\/uploads\/2022\/06\/BANNERS-TIENDA-NATURANA-1-1024x546.jpg\" \/>\n<meta name=\"twitter:card\" content=\"summary_large_image\" \/>\n<meta name=\"twitter:label1\" content=\"Est. reading time\" \/>\n\t<meta name=\"twitter:data1\" content=\"2 minutes\" \/>\n<script type=\"application\/ld+json\" class=\"yoast-schema-graph\">{\"@context\":\"https:\/\/schema.org\",\"@graph\":[{\"@type\":\"WebPage\",\"@id\":\"https:\/\/naturana.shop\/\",\"url\":\"https:\/\/naturana.shop\/\",\"name\":\"Landing Page Naturana - Naturana\",\"isPartOf\":{\"@id\":\"https:\/\/naturana.shop\/#website\"},\"primaryImageOfPage\":{\"@id\":\"https:\/\/naturana.shop\/#primaryimage\"},\"image\":{\"@id\":\"https:\/\/naturana.shop\/#primaryimage\"},\"thumbnailUrl\":\"https:\/\/naturana.shop\/wp-content\/uploads\/2022\/06\/BANNERS-TIENDA-NATURANA-1-1024x546.jpg\",\"datePublished\":\"2022-06-18T20:19:36+00:00\",\"dateModified\":\"2022-06-18T21:43:56+00:00\",\"breadcrumb\":{\"@id\":\"https:\/\/naturana.shop\/#breadcrumb\"},\"inLanguage\":\"en-US\",\"potentialAction\":[{\"@type\":\"ReadAction\",\"target\":[\"https:\/\/naturana.shop\/\"]}]},{\"@type\":\"ImageObject\",\"inLanguage\":\"en-US\",\"@id\":\"https:\/\/naturana.shop\/#primaryimage\",\"url\":\"https:\/\/naturana.shop\/wp-content\/uploads\/2022\/06\/BANNERS-TIENDA-NATURANA-1-1024x546.jpg\",\"contentUrl\":\"https:\/\/naturana.shop\/wp-content\/uploads\/2022\/06\/BANNERS-TIENDA-NATURANA-1-1024x546.jpg\"},{\"@type\":\"BreadcrumbList\",\"@id\":\"https:\/\/naturana.shop\/#breadcrumb\",\"itemListElement\":[{\"@type\":\"ListItem\",\"position\":1,\"name\":\"Home\",\"item\":\"https:\/\/naturana.shop\/\"},{\"@type\":\"ListItem\",\"position\":2,\"name\":\"Landing Page Naturana\"}]},{\"@type\":\"WebSite\",\"@id\":\"https:\/\/naturana.shop\/#website\",\"url\":\"https:\/\/naturana.shop\/\",\"name\":\"Naturana\",\"description\":\"\",\"publisher\":{\"@id\":\"https:\/\/naturana.shop\/#organization\"},\"potentialAction\":[{\"@type\":\"SearchAction\",\"target\":{\"@type\":\"EntryPoint\",\"urlTemplate\":\"https:\/\/naturana.shop\/?s={search_term_string}\"},\"query-input\":{\"@type\":\"PropertyValueSpecification\",\"valueRequired\":true,\"valueName\":\"search_term_string\"}}],\"inLanguage\":\"en-US\"},{\"@type\":\"Organization\",\"@id\":\"https:\/\/naturana.shop\/#organization\",\"name\":\"Naturana\",\"url\":\"https:\/\/naturana.shop\/\",\"logo\":{\"@type\":\"ImageObject\",\"inLanguage\":\"en-US\",\"@id\":\"https:\/\/naturana.shop\/#\/schema\/logo\/image\/\",\"url\":\"https:\/\/naturana.shop\/wp-content\/uploads\/2020\/10\/footer-logo.png\",\"contentUrl\":\"https:\/\/naturana.shop\/wp-content\/uploads\/2020\/10\/footer-logo.png\",\"width\":250,\"height\":120,\"caption\":\"Naturana\"},\"image\":{\"@id\":\"https:\/\/naturana.shop\/#\/schema\/logo\/image\/\"}}]}<\/script>\n<!-- \/ Yoast SEO plugin. -->","yoast_head_json":{"title":"Landing Page Naturana - Naturana","robots":{"index":"index","follow":"follow","max-snippet":"max-snippet:-1","max-image-preview":"max-image-preview:large","max-video-preview":"max-video-preview:-1"},"canonical":"https:\/\/naturana.shop\/en\/","og_locale":"en_US","og_type":"article","og_title":"Landing Page Naturana - Naturana","og_description":"Tienda online 311 369 7489 @productosnaturana Google Maps Naturana SOBRE PRODUCTOS NATURANA Somos productores de jabones l\u00edquidos artesanales formulados y hechos sin conservantes sint\u00e9ticos. Usamos extractos vegetales que act\u00faan como conservantes naturales antibacterianos, para los hongos y como quitagrasas. Son Jabones exclusivos y as\u00ed, nuestros clientes eligen sus fragancias favoritas. Producimos extractos vegetales con el [&hellip;]","og_url":"https:\/\/naturana.shop\/en\/","og_site_name":"Naturana","article_modified_time":"2022-06-18T21:43:56+00:00","og_image":[{"url":"https:\/\/naturana.shop\/wp-content\/uploads\/2022\/06\/BANNERS-TIENDA-NATURANA-1-1024x546.jpg"}],"twitter_card":"summary_large_image","twitter_misc":{"Est. reading time":"2 minutes"},"schema":{"@context":"https:\/\/schema.org","@graph":[{"@type":"WebPage","@id":"https:\/\/naturana.shop\/","url":"https:\/\/naturana.shop\/","name":"Landing Page Naturana - Naturana","isPartOf":{"@id":"https:\/\/naturana.shop\/#website"},"primaryImageOfPage":{"@id":"https:\/\/naturana.shop\/#primaryimage"},"image":{"@id":"https:\/\/naturana.shop\/#primaryimage"},"thumbnailUrl":"https:\/\/naturana.shop\/wp-content\/uploads\/2022\/06\/BANNERS-TIENDA-NATURANA-1-1024x546.jpg","datePublished":"2022-06-18T20:19:36+00:00","dateModified":"2022-06-18T21:43:56+00:00","breadcrumb":{"@id":"https:\/\/naturana.shop\/#breadcrumb"},"inLanguage":"en-US","potentialAction":[{"@type":"ReadAction","target":["https:\/\/naturana.shop\/"]}]},{"@type":"ImageObject","inLanguage":"en-US","@id":"https:\/\/naturana.shop\/#primaryimage","url":"https:\/\/naturana.shop\/wp-content\/uploads\/2022\/06\/BANNERS-TIENDA-NATURANA-1-1024x546.jpg","contentUrl":"https:\/\/naturana.shop\/wp-content\/uploads\/2022\/06\/BANNERS-TIENDA-NATURANA-1-1024x546.jpg"},{"@type":"BreadcrumbList","@id":"https:\/\/naturana.shop\/#breadcrumb","itemListElement":[{"@type":"ListItem","position":1,"name":"Home","item":"https:\/\/naturana.shop\/"},{"@type":"ListItem","position":2,"name":"Landing Page Naturana"}]},{"@type":"WebSite","@id":"https:\/\/naturana.shop\/#website","url":"https:\/\/naturana.shop\/","name":"Naturana","description":"","publisher":{"@id":"https:\/\/naturana.shop\/#organization"},"potentialAction":[{"@type":"SearchAction","target":{"@type":"EntryPoint","urlTemplate":"https:\/\/naturana.shop\/?s={search_term_string}"},"query-input":{"@type":"PropertyValueSpecification","valueRequired":true,"valueName":"search_term_string"}}],"inLanguage":"en-US"},{"@type":"Organization","@id":"https:\/\/naturana.shop\/#organization","name":"Naturana","url":"https:\/\/naturana.shop\/","logo":{"@type":"ImageObject","inLanguage":"en-US","@id":"https:\/\/naturana.shop\/#\/schema\/logo\/image\/","url":"https:\/\/naturana.shop\/wp-content\/uploads\/2020\/10\/footer-logo.png","contentUrl":"https:\/\/naturana.shop\/wp-content\/uploads\/2020\/10\/footer-logo.png","width":250,"height":120,"caption":"Naturana"},"image":{"@id":"https:\/\/naturana.shop\/#\/schema\/logo\/image\/"}}]}},"_links":{"self":[{"href":"https:\/\/naturana.shop\/en\/wp-json\/wp\/v2\/pages\/1422"}],"collection":[{"href":"https:\/\/naturana.shop\/en\/wp-json\/wp\/v2\/pages"}],"about":[{"href":"https:\/\/naturana.shop\/en\/wp-json\/wp\/v2\/types\/page"}],"author":[{"embeddable":true,"href":"https:\/\/naturana.shop\/en\/wp-json\/wp\/v2\/users\/1"}],"replies":[{"embeddable":true,"href":"https:\/\/naturana.shop\/en\/wp-json\/wp\/v2\/comments?post=1422"}],"version-history":[{"count":43,"href":"https:\/\/naturana.shop\/en\/wp-json\/wp\/v2\/pages\/1422\/revisions"}],"predecessor-version":[{"id":1494,"href":"https:\/\/naturana.shop\/en\/wp-json\/wp\/v2\/pages\/1422\/revisions\/1494"}],"wp:attachment":[{"href":"https:\/\/naturana.shop\/en\/wp-json\/wp\/v2\/media?parent=1422"}],"curies":[{"name":"wp","href":"https:\/\/api.w.org\/{rel}","templated":true}]}}