{"id":874,"date":"2020-09-28T21:17:35","date_gmt":"2020-09-29T02:17:35","guid":{"rendered":"http:\/\/naturana.co\/?post_type=product&#038;p=874"},"modified":"2024-12-22T15:57:36","modified_gmt":"2024-12-22T20:57:36","slug":"jabon-lavaloza","status":"publish","type":"product","link":"https:\/\/naturana.shop\/en\/product\/jabon-lavaloza\/","title":{"rendered":"Jab\u00f3n Lavaloza 1 L"},"content":{"rendered":"<p>Fortalecido con aloe vera que brinda cuidado integral y suavidad en la piel, eficiente quita grasa. F\u00f3rmula concentrada para mayor duraci\u00f3n.<\/p>","protected":false},"excerpt":{"rendered":"<p>Fortalecido con aloe vera que brinda cuidado integral y suavidad en la piel, eficiente quita grasa. F\u00f3rmula concentrada para mayor duraci\u00f3n.<\/p>\n<p><strong>Contenido 1 litro<\/p>\n<p><\/strong><\/p>\n<p>C\u00f3mpralo en:<\/p>\n<p><a href=\"https:\/\/comprahechoenmedellin.com\/vendedor\/productos-naturana\/\">https:\/\/comprahechoenmedellin.com\/vendedor\/productos-naturana\/<\/a><\/p>\n<p><a href=\"https:\/\/wa.link\/99j4tt\">P\u00eddelo por WhatsApp:<\/a><\/p>\n<p><a href=\"https:\/\/wa.link\/99j4tt\"><img fetchpriority=\"high\" decoding=\"async\" class=\"alignnone size-medium wp-image-1431\" src=\"https:\/\/naturana.shop\/wp-content\/uploads\/2022\/06\/BANNERS-TIENDA-NATURANA-2-274x300.jpg\" alt=\"\" width=\"274\" height=\"300\" srcset=\"https:\/\/naturana.shop\/wp-content\/uploads\/2022\/06\/BANNERS-TIENDA-NATURANA-2-274x300.jpg 274w, https:\/\/naturana.shop\/wp-content\/uploads\/2022\/06\/BANNERS-TIENDA-NATURANA-2-11x12.jpg 11w, https:\/\/naturana.shop\/wp-content\/uploads\/2022\/06\/BANNERS-TIENDA-NATURANA-2-600x658.jpg 600w, https:\/\/naturana.shop\/wp-content\/uploads\/2022\/06\/BANNERS-TIENDA-NATURANA-2.jpg 730w\" sizes=\"(max-width: 274px) 100vw, 274px\" \/><\/a><\/p>\n<p><strong>\u00a0<\/strong><\/p>","protected":false},"featured_media":1086,"comment_status":"open","ping_status":"closed","template":"","meta":{"_joinchat":[]},"product_cat":[46],"product_tag":[],"yoast_head":"<!-- This site is optimized with the Yoast SEO plugin v23.5 - https:\/\/yoast.com\/wordpress\/plugins\/seo\/ -->\n<title>Jab\u00f3n Lavaloza 1 L - Naturana<\/title>\n<meta name=\"robots\" content=\"index, follow, max-snippet:-1, max-image-preview:large, max-video-preview:-1\" \/>\n<link rel=\"canonical\" href=\"https:\/\/naturana.shop\/en\/product\/jabon-lavaloza\/\" \/>\n<meta property=\"og:locale\" content=\"en_US\" \/>\n<meta property=\"og:type\" content=\"article\" \/>\n<meta property=\"og:title\" content=\"Jab\u00f3n Lavaloza 1 L - Naturana\" \/>\n<meta property=\"og:description\" content=\"Fortalecido con aloe vera que brinda cuidado integral y suavidad en la piel, eficiente quita grasa. F\u00f3rmula concentrada para mayor duraci\u00f3n.  Contenido 1 litro    C\u00f3mpralo en:  https:\/\/comprahechoenmedellin.com\/vendedor\/productos-naturana\/  P\u00eddelo por WhatsApp:    \u00a0\" \/>\n<meta property=\"og:url\" content=\"https:\/\/naturana.shop\/en\/product\/jabon-lavaloza\/\" \/>\n<meta property=\"og:site_name\" content=\"Naturana\" \/>\n<meta property=\"article:modified_time\" content=\"2024-12-22T20:57:36+00:00\" \/>\n<meta property=\"og:image\" content=\"https:\/\/naturana.shop\/wp-content\/uploads\/2020\/09\/inicio-producto-03.jpg\" \/>\n\t<meta property=\"og:image:width\" content=\"370\" \/>\n\t<meta property=\"og:image:height\" content=\"590\" \/>\n\t<meta property=\"og:image:type\" content=\"image\/jpeg\" \/>\n<meta name=\"twitter:card\" content=\"summary_large_image\" \/>\n<script type=\"application\/ld+json\" class=\"yoast-schema-graph\">{\"@context\":\"https:\/\/schema.org\",\"@graph\":[{\"@type\":\"WebPage\",\"@id\":\"https:\/\/naturana.shop\/product\/jabon-lavaloza\/\",\"url\":\"https:\/\/naturana.shop\/product\/jabon-lavaloza\/\",\"name\":\"Jab\u00f3n Lavaloza 1 L - Naturana\",\"isPartOf\":{\"@id\":\"https:\/\/naturana.shop\/#website\"},\"primaryImageOfPage\":{\"@id\":\"https:\/\/naturana.shop\/product\/jabon-lavaloza\/#primaryimage\"},\"image\":{\"@id\":\"https:\/\/naturana.shop\/product\/jabon-lavaloza\/#primaryimage\"},\"thumbnailUrl\":\"https:\/\/naturana.shop\/wp-content\/uploads\/2020\/09\/inicio-producto-03.jpg\",\"datePublished\":\"2020-09-29T02:17:35+00:00\",\"dateModified\":\"2024-12-22T20:57:36+00:00\",\"breadcrumb\":{\"@id\":\"https:\/\/naturana.shop\/product\/jabon-lavaloza\/#breadcrumb\"},\"inLanguage\":\"en-US\",\"potentialAction\":[{\"@type\":\"ReadAction\",\"target\":[\"https:\/\/naturana.shop\/product\/jabon-lavaloza\/\"]}]},{\"@type\":\"ImageObject\",\"inLanguage\":\"en-US\",\"@id\":\"https:\/\/naturana.shop\/product\/jabon-lavaloza\/#primaryimage\",\"url\":\"https:\/\/naturana.shop\/wp-content\/uploads\/2020\/09\/inicio-producto-03.jpg\",\"contentUrl\":\"https:\/\/naturana.shop\/wp-content\/uploads\/2020\/09\/inicio-producto-03.jpg\",\"width\":370,\"height\":590},{\"@type\":\"BreadcrumbList\",\"@id\":\"https:\/\/naturana.shop\/product\/jabon-lavaloza\/#breadcrumb\",\"itemListElement\":[{\"@type\":\"ListItem\",\"position\":1,\"name\":\"Home\",\"item\":\"https:\/\/naturana.shop\/\"},{\"@type\":\"ListItem\",\"position\":2,\"name\":\"Tienda\",\"item\":\"https:\/\/naturana.shop\/tienda\/\"},{\"@type\":\"ListItem\",\"position\":3,\"name\":\"Jab\u00f3n Lavaloza 1 L\"}]},{\"@type\":\"WebSite\",\"@id\":\"https:\/\/naturana.shop\/#website\",\"url\":\"https:\/\/naturana.shop\/\",\"name\":\"Naturana\",\"description\":\"\",\"publisher\":{\"@id\":\"https:\/\/naturana.shop\/#organization\"},\"potentialAction\":[{\"@type\":\"SearchAction\",\"target\":{\"@type\":\"EntryPoint\",\"urlTemplate\":\"https:\/\/naturana.shop\/?s={search_term_string}\"},\"query-input\":{\"@type\":\"PropertyValueSpecification\",\"valueRequired\":true,\"valueName\":\"search_term_string\"}}],\"inLanguage\":\"en-US\"},{\"@type\":\"Organization\",\"@id\":\"https:\/\/naturana.shop\/#organization\",\"name\":\"Naturana\",\"url\":\"https:\/\/naturana.shop\/\",\"logo\":{\"@type\":\"ImageObject\",\"inLanguage\":\"en-US\",\"@id\":\"https:\/\/naturana.shop\/#\/schema\/logo\/image\/\",\"url\":\"https:\/\/naturana.shop\/wp-content\/uploads\/2020\/10\/footer-logo.png\",\"contentUrl\":\"https:\/\/naturana.shop\/wp-content\/uploads\/2020\/10\/footer-logo.png\",\"width\":250,\"height\":120,\"caption\":\"Naturana\"},\"image\":{\"@id\":\"https:\/\/naturana.shop\/#\/schema\/logo\/image\/\"}}]}<\/script>\n<!-- \/ Yoast SEO plugin. -->","yoast_head_json":{"title":"Jab\u00f3n Lavaloza 1 L - Naturana","robots":{"index":"index","follow":"follow","max-snippet":"max-snippet:-1","max-image-preview":"max-image-preview:large","max-video-preview":"max-video-preview:-1"},"canonical":"https:\/\/naturana.shop\/en\/product\/jabon-lavaloza\/","og_locale":"en_US","og_type":"article","og_title":"Jab\u00f3n Lavaloza 1 L - Naturana","og_description":"Fortalecido con aloe vera que brinda cuidado integral y suavidad en la piel, eficiente quita grasa. F\u00f3rmula concentrada para mayor duraci\u00f3n.  Contenido 1 litro    C\u00f3mpralo en:  https:\/\/comprahechoenmedellin.com\/vendedor\/productos-naturana\/  P\u00eddelo por WhatsApp:    \u00a0","og_url":"https:\/\/naturana.shop\/en\/product\/jabon-lavaloza\/","og_site_name":"Naturana","article_modified_time":"2024-12-22T20:57:36+00:00","og_image":[{"width":370,"height":590,"url":"https:\/\/naturana.shop\/wp-content\/uploads\/2020\/09\/inicio-producto-03.jpg","type":"image\/jpeg"}],"twitter_card":"summary_large_image","schema":{"@context":"https:\/\/schema.org","@graph":[{"@type":"WebPage","@id":"https:\/\/naturana.shop\/product\/jabon-lavaloza\/","url":"https:\/\/naturana.shop\/product\/jabon-lavaloza\/","name":"Jab\u00f3n Lavaloza 1 L - Naturana","isPartOf":{"@id":"https:\/\/naturana.shop\/#website"},"primaryImageOfPage":{"@id":"https:\/\/naturana.shop\/product\/jabon-lavaloza\/#primaryimage"},"image":{"@id":"https:\/\/naturana.shop\/product\/jabon-lavaloza\/#primaryimage"},"thumbnailUrl":"https:\/\/naturana.shop\/wp-content\/uploads\/2020\/09\/inicio-producto-03.jpg","datePublished":"2020-09-29T02:17:35+00:00","dateModified":"2024-12-22T20:57:36+00:00","breadcrumb":{"@id":"https:\/\/naturana.shop\/product\/jabon-lavaloza\/#breadcrumb"},"inLanguage":"en-US","potentialAction":[{"@type":"ReadAction","target":["https:\/\/naturana.shop\/product\/jabon-lavaloza\/"]}]},{"@type":"ImageObject","inLanguage":"en-US","@id":"https:\/\/naturana.shop\/product\/jabon-lavaloza\/#primaryimage","url":"https:\/\/naturana.shop\/wp-content\/uploads\/2020\/09\/inicio-producto-03.jpg","contentUrl":"https:\/\/naturana.shop\/wp-content\/uploads\/2020\/09\/inicio-producto-03.jpg","width":370,"height":590},{"@type":"BreadcrumbList","@id":"https:\/\/naturana.shop\/product\/jabon-lavaloza\/#breadcrumb","itemListElement":[{"@type":"ListItem","position":1,"name":"Home","item":"https:\/\/naturana.shop\/"},{"@type":"ListItem","position":2,"name":"Tienda","item":"https:\/\/naturana.shop\/tienda\/"},{"@type":"ListItem","position":3,"name":"Jab\u00f3n Lavaloza 1 L"}]},{"@type":"WebSite","@id":"https:\/\/naturana.shop\/#website","url":"https:\/\/naturana.shop\/","name":"Naturana","description":"","publisher":{"@id":"https:\/\/naturana.shop\/#organization"},"potentialAction":[{"@type":"SearchAction","target":{"@type":"EntryPoint","urlTemplate":"https:\/\/naturana.shop\/?s={search_term_string}"},"query-input":{"@type":"PropertyValueSpecification","valueRequired":true,"valueName":"search_term_string"}}],"inLanguage":"en-US"},{"@type":"Organization","@id":"https:\/\/naturana.shop\/#organization","name":"Naturana","url":"https:\/\/naturana.shop\/","logo":{"@type":"ImageObject","inLanguage":"en-US","@id":"https:\/\/naturana.shop\/#\/schema\/logo\/image\/","url":"https:\/\/naturana.shop\/wp-content\/uploads\/2020\/10\/footer-logo.png","contentUrl":"https:\/\/naturana.shop\/wp-content\/uploads\/2020\/10\/footer-logo.png","width":250,"height":120,"caption":"Naturana"},"image":{"@id":"https:\/\/naturana.shop\/#\/schema\/logo\/image\/"}}]}},"_links":{"self":[{"href":"https:\/\/naturana.shop\/en\/wp-json\/wp\/v2\/product\/874"}],"collection":[{"href":"https:\/\/naturana.shop\/en\/wp-json\/wp\/v2\/product"}],"about":[{"href":"https:\/\/naturana.shop\/en\/wp-json\/wp\/v2\/types\/product"}],"replies":[{"embeddable":true,"href":"https:\/\/naturana.shop\/en\/wp-json\/wp\/v2\/comments?post=874"}],"wp:featuredmedia":[{"embeddable":true,"href":"https:\/\/naturana.shop\/en\/wp-json\/wp\/v2\/media\/1086"}],"wp:attachment":[{"href":"https:\/\/naturana.shop\/en\/wp-json\/wp\/v2\/media?parent=874"}],"wp:term":[{"taxonomy":"product_cat","embeddable":true,"href":"https:\/\/naturana.shop\/en\/wp-json\/wp\/v2\/product_cat?post=874"},{"taxonomy":"product_tag","embeddable":true,"href":"https:\/\/naturana.shop\/en\/wp-json\/wp\/v2\/product_tag?post=874"}],"curies":[{"name":"wp","href":"https:\/\/api.w.org\/{rel}","templated":true}]}}